{"id":83,"date":"2021-09-11T22:17:13","date_gmt":"2021-09-11T22:17:13","guid":{"rendered":"https:\/\/fonderieart.com\/?page_id=83"},"modified":"2022-01-21T13:52:40","modified_gmt":"2022-01-21T18:52:40","slug":"contact-us","status":"publish","type":"page","link":"https:\/\/fonderieart.com\/en\/contact-us\/","title":{"rendered":"Contact Us"},"content":{"rendered":"\t\t<div data-elementor-type=\"wp-page\" data-elementor-id=\"83\" class=\"elementor elementor-83\" data-elementor-post-type=\"page\">\n\t\t\t\t\t\t<section class=\"elementor-section elementor-top-section elementor-element elementor-element-a8b0d41 elementor-section-height-min-height elementor-section-boxed elementor-section-height-default elementor-section-items-middle\" data-id=\"a8b0d41\" data-element_type=\"section\" data-e-type=\"section\" data-settings=\"{&quot;background_background&quot;:&quot;classic&quot;}\">\n\t\t\t\t\t\t<div class=\"elementor-container elementor-column-gap-default\">\n\t\t\t\t\t<div class=\"elementor-column elementor-col-100 elementor-top-column elementor-element elementor-element-3cf94e2\" data-id=\"3cf94e2\" data-element_type=\"column\" data-e-type=\"column\">\n\t\t\t<div class=\"elementor-widget-wrap\">\n\t\t\t\t\t\t\t<\/div>\n\t\t<\/div>\n\t\t\t\t\t<\/div>\n\t\t<\/section>\n\t\t\t\t<section class=\"elementor-section elementor-top-section elementor-element elementor-element-48d203b elementor-section-boxed elementor-section-height-default elementor-section-height-default\" data-id=\"48d203b\" data-element_type=\"section\" data-e-type=\"section\">\n\t\t\t\t\t\t<div class=\"elementor-container elementor-column-gap-default\">\n\t\t\t\t\t<div class=\"elementor-column elementor-col-100 elementor-top-column elementor-element elementor-element-ac62870\" data-id=\"ac62870\" data-element_type=\"column\" data-e-type=\"column\">\n\t\t\t<div class=\"elementor-widget-wrap elementor-element-populated\">\n\t\t\t\t\t\t<div class=\"elementor-element elementor-element-1bd751f elementor-widget elementor-widget-heading\" data-id=\"1bd751f\" data-element_type=\"widget\" data-e-type=\"widget\" data-widget_type=\"heading.default\">\n\t\t\t\t<div class=\"elementor-widget-container\">\n\t\t\t\t\t<h2 class=\"elementor-heading-title elementor-size-default\">Contact<\/h2>\t\t\t\t<\/div>\n\t\t\t\t<\/div>\n\t\t\t\t<div class=\"elementor-element elementor-element-37adabc elementor-widget-divider--view-line elementor-widget elementor-widget-divider\" data-id=\"37adabc\" data-element_type=\"widget\" data-e-type=\"widget\" data-widget_type=\"divider.default\">\n\t\t\t\t<div class=\"elementor-widget-container\">\n\t\t\t\t\t\t\t<div class=\"elementor-divider\">\n\t\t\t<span class=\"elementor-divider-separator\">\n\t\t\t\t\t\t<\/span>\n\t\t<\/div>\n\t\t\t\t\t\t<\/div>\n\t\t\t\t<\/div>\n\t\t\t\t<div class=\"elementor-element elementor-element-9d25dce eael-wpforms-labels-yes eael-wpforms-form-button-custom elementor-widget elementor-widget-eael-wpforms\" data-id=\"9d25dce\" data-element_type=\"widget\" data-e-type=\"widget\" data-widget_type=\"eael-wpforms.default\">\n\t\t\t\t<div class=\"elementor-widget-container\">\n\t\t\t\t\t            <div class=\"eael-contact-form eael-wpforms eael-wpforms-align-default\">\n                                <div class=\"wpforms-container wpforms-container-full\" id=\"wpforms-91\"><form id=\"wpforms-form-91\" class=\"wpforms-validate wpforms-form wpforms-ajax-form\" data-formid=\"91\" method=\"post\" enctype=\"multipart\/form-data\" action=\"\/en\/wp-json\/wp\/v2\/pages\/83?wpforms_form_id=91\" data-token=\"17937295504ca6142b43fefd3e73d18f\" data-token-time=\"1776945671\"><div class=\"wpforms-head-container\"><\/div><noscript class=\"wpforms-error-noscript\">Please enable JavaScript in your browser to complete this form.<\/noscript><div class=\"wpforms-field-container\"><div id=\"wpforms-91-field_1-container\" class=\"wpforms-field wpforms-field-name wpforms-one-half wpforms-first wpforms-two-thirds\" data-field-id=\"1\"><label class=\"wpforms-field-label wpforms-label-hide\" for=\"wpforms-91-field_1\">Name <span class=\"wpforms-required-label\">*<\/span><\/label><div class=\"wpforms-field-row wpforms-field-large\"><div class=\"wpforms-field-row-block wpforms-first wpforms-one-half\"><input type=\"text\" id=\"wpforms-91-field_1\" class=\"wpforms-field-name-first wpforms-field-required\" name=\"wpforms[fields][1][first]\" placeholder=\"Pr\u00e9nom*\" required><label for=\"wpforms-91-field_1\" class=\"wpforms-field-sublabel after wpforms-sublabel-hide\">First<\/label><\/div><div class=\"wpforms-field-row-block wpforms-one-half\"><input type=\"text\" id=\"wpforms-91-field_1-last\" class=\"wpforms-field-name-last wpforms-field-required\" name=\"wpforms[fields][1][last]\" placeholder=\"Nom*\" required><label for=\"wpforms-91-field_1-last\" class=\"wpforms-field-sublabel after wpforms-sublabel-hide\">Last<\/label><\/div><\/div><\/div><div id=\"wpforms-91-field_2-container\" class=\"wpforms-field wpforms-field-email wpforms-one-half wpforms-one-third\" data-field-id=\"2\"><label class=\"wpforms-field-label wpforms-label-hide\" for=\"wpforms-91-field_2\">Email <span class=\"wpforms-required-label\">*<\/span><\/label><input type=\"email\" id=\"wpforms-91-field_2\" class=\"wpforms-field-large wpforms-field-required\" name=\"wpforms[fields][2]\" placeholder=\"Courriel*\" spellcheck=\"false\" required><\/div><div id=\"wpforms-91-field_3-container\" class=\"wpforms-field wpforms-field-textarea\" data-field-id=\"3\"><label class=\"wpforms-field-label wpforms-label-hide\" for=\"wpforms-91-field_3\">Message <span class=\"wpforms-required-label\">*<\/span><\/label><textarea id=\"wpforms-91-field_3\" class=\"wpforms-field-medium wpforms-field-required\" name=\"wpforms[fields][3]\" placeholder=\"Message*\" required><\/textarea><\/div><div id=\"wpforms-91-field_4-container\" class=\"wpforms-field wpforms-field-file-upload\" data-field-id=\"4\"><label class=\"wpforms-field-label wpforms-label-hide\" for=\"wpforms-91-field_4\">File Upload<\/label><div\n\t\tclass=\"wpforms-uploader \"\n\t\tdata-field-id=\"4\"\n\t\tdata-form-id=\"91\"\n\t\tdata-input-name=\"wpforms_91_4\"\n\t\tdata-extensions=\"jpg,jpeg,jpe,gif,png,bmp,tiff,tif,webp,avif,ico,heic,heif,heics,heifs,asf,asx,wmv,wmx,wm,avi,divx,mov,qt,mpeg,mpg,mpe,mp4,m4v,ogv,webm,mkv,3gp,3gpp,3g2,3gp2,txt,asc,c,cc,h,srt,csv,tsv,ics,rtx,css,vtt,mp3,m4a,m4b,aac,ra,ram,wav,x-wav,ogg,oga,flac,mid,midi,wma,wax,mka,rtf,pdf,class,tar,zip,gz,gzip,rar,7z,psd,xcf,doc,pot,pps,ppt,wri,xla,xls,xlt,xlw,mpp,docx,docm,dotx,dotm,xlsx,xlsm,xlsb,xltx,xltm,xlam,pptx,pptm,ppsx,ppsm,potx,potm,ppam,sldx,sldm,onetoc,onetoc2,onepkg,oxps,xps,odt,odp,ods,odg,odc,odb,odf,wp,wpd,key,numbers,pages,svg,svgz,xml,json\"\n\t\tdata-max-size=\"67108864\"\n\t\tdata-max-file-number=\"10\"\n\t\tdata-post-max-size=\"67108864\"\n\t\tdata-max-parallel-uploads=\"4\"\n\t\tdata-parallel-uploads=\"true\"\n\t\tdata-file-chunk-size=\"2097152\">\n\t<div class=\"dz-message\">\n\t\t<svg  viewBox=\"0 0 640 640\" focusable=\"false\" data-icon=\"inbox\" width=\"50px\" height=\"50px\" fill=\"currentColor\" aria-hidden=\"true\">\n\t\t\t<path d=\"M352 173.3L352 384C352 401.7 337.7 416 320 416C302.3 416 288 401.7 288 384L288 173.3L246.6 214.7C234.1 227.2 213.8 227.2 201.3 214.7C188.8 202.2 188.8 181.9 201.3 169.4L297.3 73.4C309.8 60.9 330.1 60.9 342.6 73.4L438.6 169.4C451.1 181.9 451.1 202.2 438.6 214.7C426.1 227.2 405.8 227.2 393.3 214.7L352 173.3zM320 464C364.2 464 400 428.2 400 384L480 384C515.3 384 544 412.7 544 448L544 480C544 515.3 515.3 544 480 544L160 544C124.7 544 96 515.3 96 480L96 448C96 412.7 124.7 384 160 384L240 384C240 428.2 275.8 464 320 464zM464 488C477.3 488 488 477.3 488 464C488 450.7 477.3 440 464 440C450.7 440 440 450.7 440 464C440 477.3 450.7 488 464 488z\"\/>\n\t\t<\/svg>\n\n\t\t<span class=\"modern-title\">\n\t\t\t\t\t\t\tDrag &amp; Drop Files, \t\t\t\t<span>Choose Files to Upload<\/span>, or\t\t\t\t<span class=\"wpforms-camera\">Capture With Your Camera<\/span>\n\t\t\t\t\t<\/span>\n\n\t\t\t\t\t<span class=\"modern-hint\">You can upload up to 10 files.<\/span>\n\t\t\t<\/div>\n<\/div>\n\n<div id=\"wpforms-camera-modal-91-4\" class=\"wpforms-camera-modal-overlay wpforms-camera-format-photo\"  style=\"display: none;\" data-field-id=\"4\"  data-form-id=\"91\">\n\t<div class=\"wpforms-camera-modal\">\n\t\t<div class=\"wpforms-camera-modal-header\">\n\t\t\t<div class=\"wpforms-camera-modal-title\">Camera Preview<\/div>\n\t\t\t<div class=\"wpforms-camera-modal-close\">\n\t\t\t\t<svg xmlns=\"http:\/\/www.w3.org\/2000\/svg\" width=\"12\" height=\"11\" fill=\"none\">\n\t\t\t\t\t<path d=\"M10.688 2.219 7.405 5.5l3.282 3.313a.964.964 0 0 1 0 1.406.964.964 0 0 1-1.407 0L6 6.938l-3.313 3.28a.964.964 0 0 1-1.406 0 .964.964 0 0 1 0-1.405L4.563 5.5 1.28 2.219a.964.964 0 0 1 0-1.406.964.964 0 0 1 1.407 0L6 4.092 9.281.814a.964.964 0 0 1 1.406 0 .964.964 0 0 1 0 1.406Z\"\/>\n\t\t\t\t<\/svg>\n\t\t\t<\/div>\n\t\t<\/div>\n\n\t\t<div class=\"wpforms-camera-modal-content\">\n\t\t\t<div class=\"wpforms-camera-preview\">\n\t\t\t\t<video id=\"wpforms-camera-video-91-4\" autoplay playsinline muted disablepictureinpicture><\/video>\n\t\t\t<\/div>\n\t\t\t<div class=\"wpforms-camera-error\"><\/div>\n\t\t<\/div>\n\n\t\t\t\t\t<div class=\"wpforms-camera-modal-footer\">\n\t\t\t\t<div class=\"wpforms-camera-modal-actions\">\n\t\t\t\t\t<button class=\"wpforms-camera-capture\" title=\"Capture Photo\" disabled>\n\t\t\t\t\t\t\t<svg xmlns=\"http:\/\/www.w3.org\/2000\/svg\" width=\"24\" height=\"22\" fill=\"none\">\n\t\t\t\t\t\t\t\t<path fill=\"#fff\" d=\"M6.984 2.047C7.313 1.109 8.156.5 9.141.5h5.718c.985 0 1.829.61 2.157 1.547l.468 1.453H21c1.64 0 3 1.36 3 3v12c0 1.64-1.36 3-3 3H3c-1.64 0-3-1.36-3-3v-12c0-1.64 1.36-3 3-3h3.516l.468-1.453ZM12 8a4.501 4.501 0 0 0 0 9 4.501 4.501 0 0 0 0-9Z\"\/>\n\t\t\t\t\t\t\t<\/svg>\n\t\t\t\t\t<\/button>\n\t\t\t\t\t<button class=\"wpforms-camera-stop\" style=\"display:none;\">O<\/button>\n\t\t\t\t\t<div class=\"wpforms-camera-countdown\" style=\"display: none;\">\n\t\t\t\t\t\t<svg>\n\t\t\t\t\t\t\t<circle class=\"bg\" r=\"22\"><\/circle>\n\t\t\t\t\t\t\t<circle class=\"progress\" r=\"22\"><\/circle>\n\t\t\t\t\t\t<\/svg>\n\t\t\t\t\t\t<span>3<\/span>\n\t\t\t\t\t<\/div>\n\t\t\t\t\t<div class=\"wpforms-camera-flip\"><\/div>\n\t\t\t\t<\/div>\n\t\t\t\t<div class=\"wpforms-camera-modal-buttons\" style=\"display: none;\">\n\t\t\t\t\t<button class=\"wpforms-camera-cancel\" title=\"Retake Photo\"><\/button>\n\t\t\t\t\t<button class=\"wpforms-camera-accept\">Use Photo<\/button>\n\t\t\t\t\t<button class=\"wpforms-camera-accept-crop\" style=\"display: none;\">Apply Crop<\/button>\n\t\t\t\t\t<button class=\"wpforms-camera-crop\" title=\"Crop Photo\"><\/button>\n\t\t\t\t\t<button class=\"wpforms-camera-crop-cancel\" title=\"Cancel Crop\" style=\"display: none;\"><\/button>\n\t\t\t\t<\/div>\n\t\t<\/div>\n\t\t\n\t\t<canvas id=\"wpforms-camera-canvas-91-4\" style=\"display:none;\"><\/canvas>\n\t<\/div>\n<\/div>\n<input\n\t\ttype=\"text\"\n\t\tautocomplete=\"off\"\n\t\treadonly\n\t\tclass=\"dropzone-input\"\n\t\tstyle=\"position:absolute!important;clip:rect(0,0,0,0)!important;height:1px!important;width:1px!important;border:0!important;overflow:hidden!important;padding:0!important;margin:0!important;\"\n\t\tid=\"wpforms-91-field_4\"\n\t\tname=\"wpforms_91_4\" \t\tvalue=\"\">\n<div class=\"wpforms-field-description\">Fichiers Autoris\u00e9s: Audios, Archives, Images, Vid\u00e9os, Documents  Office\u00ae<\/div><\/div><\/div><!-- .wpforms-field-container --><div class=\"wpforms-recaptcha-container wpforms-is-recaptcha wpforms-is-recaptcha-type-v3\" ><input type=\"hidden\" name=\"wpforms[recaptcha]\" value=\"\"><\/div><div class=\"wpforms-submit-container\" ><input type=\"hidden\" name=\"wpforms[id]\" value=\"91\"><input type=\"hidden\" name=\"page_title\" value=\"\"><input type=\"hidden\" name=\"page_url\" value=\"https:\/\/fonderieart.com\/en\/wp-json\/wp\/v2\/pages\/83\"><input type=\"hidden\" name=\"url_referer\" value=\"\"><button type=\"submit\" name=\"wpforms[submit]\" id=\"wpforms-submit-91\" class=\"wpforms-submit\" data-alt-text=\"EN TRAITEMENT...\" data-submit-text=\"ENVOYER\" aria-live=\"assertive\" value=\"wpforms-submit\">ENVOYER<\/button><img decoding=\"async\" src=\"https:\/\/fonderieart.com\/wp-content\/plugins\/wpforms\/assets\/images\/submit-spin.svg\" class=\"wpforms-submit-spinner\" style=\"display: none;\" width=\"26\" height=\"26\" alt=\"Loading\"><\/div><\/form><\/div>  <!-- .wpforms-container -->            <\/div>\n\t\t\t\t<\/div>\n\t\t\t\t<\/div>\n\t\t\t\t\t<\/div>\n\t\t<\/div>\n\t\t\t\t\t<\/div>\n\t\t<\/section>\n\t\t\t\t<section class=\"elementor-section elementor-top-section elementor-element elementor-element-2840f61 elementor-section-boxed elementor-section-height-default elementor-section-height-default\" data-id=\"2840f61\" data-element_type=\"section\" data-e-type=\"section\">\n\t\t\t\t\t\t<div class=\"elementor-container elementor-column-gap-default\">\n\t\t\t\t\t<div class=\"elementor-column elementor-col-100 elementor-top-column elementor-element elementor-element-02421ea\" data-id=\"02421ea\" data-element_type=\"column\" data-e-type=\"column\">\n\t\t\t<div class=\"elementor-widget-wrap elementor-element-populated\">\n\t\t\t\t\t\t<div class=\"elementor-element elementor-element-a6a968c elementor-widget elementor-widget-heading\" data-id=\"a6a968c\" data-element_type=\"widget\" data-e-type=\"widget\" data-widget_type=\"heading.default\">\n\t\t\t\t<div class=\"elementor-widget-container\">\n\t\t\t\t\t<h2 class=\"elementor-heading-title elementor-size-default\"> 1734, rue Dublin, Inverness (Qu\u00e9bec)  G0S 1K0, CANADA<\/h2>\t\t\t\t<\/div>\n\t\t\t\t<\/div>\n\t\t\t\t<div class=\"elementor-element elementor-element-147d18d elementor-widget elementor-widget-text-editor\" data-id=\"147d18d\" data-element_type=\"widget\" data-e-type=\"widget\" data-widget_type=\"text-editor.default\">\n\t\t\t\t<div class=\"elementor-widget-container\">\n\t\t\t\t\t\t\t\t\t<p>Courriel: <span style=\"color: #999999;\"><b><a style=\"color: #999999;\" href=\"mailto:fonderie@ivic.qc.ca\">fonderie@ivic.qc.ca<\/a>\u00a0<\/b><\/span><span style=\"font-style: inherit; font-weight: inherit;\"><br \/>T\u00e9l: (418) 453-7783\u00a0<\/span><span style=\"font-style: inherit; font-weight: inherit;\"><br \/>Fax: (418) 453-2987<\/span><\/p>\t\t\t\t\t\t\t\t<\/div>\n\t\t\t\t<\/div>\n\t\t\t\t\t<\/div>\n\t\t<\/div>\n\t\t\t\t\t<\/div>\n\t\t<\/section>\n\t\t\t\t<section class=\"elementor-section elementor-top-section elementor-element elementor-element-241a708 elementor-section-full_width elementor-section-height-default elementor-section-height-default\" data-id=\"241a708\" data-element_type=\"section\" data-e-type=\"section\">\n\t\t\t\t\t\t<div class=\"elementor-container elementor-column-gap-default\">\n\t\t\t\t\t<div class=\"elementor-column elementor-col-100 elementor-top-column elementor-element elementor-element-7034b48\" data-id=\"7034b48\" data-element_type=\"column\" data-e-type=\"column\">\n\t\t\t<div class=\"elementor-widget-wrap elementor-element-populated\">\n\t\t\t\t\t\t<div class=\"elementor-element elementor-element-5f4c381 elementor-widget elementor-widget-google_maps\" data-id=\"5f4c381\" data-element_type=\"widget\" data-e-type=\"widget\" data-widget_type=\"google_maps.default\">\n\t\t\t\t<div class=\"elementor-widget-container\">\n\t\t\t\t\t\t\t<div class=\"elementor-custom-embed\">\n\t\t\t<iframe loading=\"lazy\"\n\t\t\t\t\tsrc=\"https:\/\/maps.google.com\/maps?q=%201734%2C%20rue%20Dublin%2C%20Inverness%20%28Qu%C3%A9bec%29%20%20G0S%201K0%2C%20CANADA&#038;t=m&#038;z=16&#038;output=embed&#038;iwloc=near\"\n\t\t\t\t\ttitle=\" 1734, rue Dublin, Inverness (Qu\u00e9bec)  G0S 1K0, CANADA\"\n\t\t\t\t\taria-label=\" 1734, rue Dublin, Inverness (Qu\u00e9bec)  G0S 1K0, CANADA\"\n\t\t\t><\/iframe>\n\t\t<\/div>\n\t\t\t\t\t\t<\/div>\n\t\t\t\t<\/div>\n\t\t\t\t\t<\/div>\n\t\t<\/div>\n\t\t\t\t\t<\/div>\n\t\t<\/section>\n\t\t\t\t<\/div>\n\t\t","protected":false},"excerpt":{"rendered":"<p>Contact Veuillez activer JavaScript dans votre navigateur pour remplir ce formulaire.Name *Pr\u00e9nomNomEmail *Message *File Upload Cliquez ou d\u00e9placez des fichiers dans cette zone pour les t\u00e9l\u00e9verser. Vous pouvez t\u00e9l\u00e9verser jusqu\u2019\u00e0 10 fichiers. Fichiers Autoris\u00e9s: Audios, Archives, Images, Vid\u00e9os, Documents Office\u00ae ENVOYER 1734, rue Dublin, Inverness (Qu\u00e9bec) G0S 1K0, CANADA Courriel: fonderie@ivic.qc.ca\u00a0T\u00e9l: (418) 453-7783\u00a0Fax: (418) 453-2987<\/p>","protected":false},"author":5,"featured_media":0,"parent":0,"menu_order":0,"comment_status":"closed","ping_status":"closed","template":"","meta":{"_seopress_robots_primary_cat":"","_seopress_titles_title":"","_seopress_titles_desc":"","_seopress_robots_index":"","site-sidebar-layout":"no-sidebar","site-content-layout":"page-builder","ast-site-content-layout":"default","site-content-style":"default","site-sidebar-style":"default","ast-global-header-display":"","ast-banner-title-visibility":"","ast-main-header-display":"","ast-hfb-above-header-display":"","ast-hfb-below-header-display":"","ast-hfb-mobile-header-display":"","site-post-title":"disabled","ast-breadcrumbs-content":"","ast-featured-img":"disabled","footer-sml-layout":"","ast-disable-related-posts":"","theme-transparent-header-meta":"default","adv-header-id-meta":"","stick-header-meta":"","header-above-stick-meta":"","header-main-stick-meta":"","header-below-stick-meta":"","astra-migrate-meta-layouts":"default","ast-page-background-enabled":"default","ast-page-background-meta":{"desktop":{"background-color":"var(--ast-global-color-4)","background-image":"","background-repeat":"repeat","background-position":"center center","background-size":"auto","background-attachment":"scroll","background-type":"","background-media":"","overlay-type":"","overlay-color":"","overlay-opacity":"","overlay-gradient":""},"tablet":{"background-color":"","background-image":"","background-repeat":"repeat","background-position":"center center","background-size":"auto","background-attachment":"scroll","background-type":"","background-media":"","overlay-type":"","overlay-color":"","overlay-opacity":"","overlay-gradient":""},"mobile":{"background-color":"","background-image":"","background-repeat":"repeat","background-position":"center center","background-size":"auto","background-attachment":"scroll","background-type":"","background-media":"","overlay-type":"","overlay-color":"","overlay-opacity":"","overlay-gradient":""}},"ast-content-background-meta":{"desktop":{"background-color":"var(--ast-global-color-5)","background-image":"","background-repeat":"repeat","background-position":"center center","background-size":"auto","background-attachment":"scroll","background-type":"","background-media":"","overlay-type":"","overlay-color":"","overlay-opacity":"","overlay-gradient":""},"tablet":{"background-color":"var(--ast-global-color-5)","background-image":"","background-repeat":"repeat","background-position":"center center","background-size":"auto","background-attachment":"scroll","background-type":"","background-media":"","overlay-type":"","overlay-color":"","overlay-opacity":"","overlay-gradient":""},"mobile":{"background-color":"var(--ast-global-color-5)","background-image":"","background-repeat":"repeat","background-position":"center center","background-size":"auto","background-attachment":"scroll","background-type":"","background-media":"","overlay-type":"","overlay-color":"","overlay-opacity":"","overlay-gradient":""}},"footnotes":""},"class_list":["post-83","page","type-page","status-publish","hentry"],"_links":{"self":[{"href":"https:\/\/fonderieart.com\/en\/wp-json\/wp\/v2\/pages\/83","targetHints":{"allow":["GET"]}}],"collection":[{"href":"https:\/\/fonderieart.com\/en\/wp-json\/wp\/v2\/pages"}],"about":[{"href":"https:\/\/fonderieart.com\/en\/wp-json\/wp\/v2\/types\/page"}],"author":[{"embeddable":true,"href":"https:\/\/fonderieart.com\/en\/wp-json\/wp\/v2\/users\/5"}],"replies":[{"embeddable":true,"href":"https:\/\/fonderieart.com\/en\/wp-json\/wp\/v2\/comments?post=83"}],"version-history":[{"count":47,"href":"https:\/\/fonderieart.com\/en\/wp-json\/wp\/v2\/pages\/83\/revisions"}],"predecessor-version":[{"id":2685,"href":"https:\/\/fonderieart.com\/en\/wp-json\/wp\/v2\/pages\/83\/revisions\/2685"}],"wp:attachment":[{"href":"https:\/\/fonderieart.com\/en\/wp-json\/wp\/v2\/media?parent=83"}],"curies":[{"name":"wp","href":"https:\/\/api.w.org\/{rel}","templated":true}]}}